{"id":143,"date":"2021-05-04T12:54:55","date_gmt":"2021-05-04T12:54:55","guid":{"rendered":"http:\/\/rechtsanwalt-sen.de\/tr\/?page_id=143"},"modified":"2021-05-16T11:19:41","modified_gmt":"2021-05-16T11:19:41","slug":"impressum","status":"publish","type":"page","link":"https:\/\/rechtsanwalt-sen.de\/tr\/impressum\/","title":{"rendered":"Impressum"},"content":{"rendered":"<h2>Impressum<\/h2>\n<h4>Rechtsanwaltskanzlei Sen (Inhaber)<\/h4>\n<p>Jur. Dozent<br \/>\nOberm\u00fcnsterstra\u00dfe 11<br \/>\n93047 Regensburg (Zentrum)<\/p>\n<p>Tel: 0941 788 488-10<br \/>\nFax: 0941 788 488-11<br \/>\nE-Mail: <a href=\"mailto:kanzlei-sen@outlook.de\" target=\"_blank\" rel=\"noopener\">kanzlei-sen@outlook.de<\/a><\/p>\n<p>Die Berufsbezeichnung Rechtsanwalt wurde mir in Deutschland verliehen.<\/p>\n<p>Mitglied der RAK N\u00fcrnberg<br \/>\nBerufsrechtliche Regelungen: Rechtsanwalt, Dipl. Jur. sowie Rechtsassessor mit Bef\u00e4higung zum Richteramt<\/p>\n<p>Berufshaftpflichtversicherung: <a href=\"http:\/\/www.exali.de\" target=\"_blank\" rel=\"noopener\">www.exali.de<\/a><\/p>\n<p>Der r\u00e4umliche Geltungsbereich des Versicherungsschutzes umfasst jedwede T\u00e4tigkeiten bundesweit.<\/p>\n<p>Die Europ\u00e4ische Kommission stellt eine Plattform zur Online-Streitbeilegung (OS) bereit, die Sie hier finden <a href=\"https:\/\/ec.europa.eu\/consumers\/odr\/\" target=\"_blank\" rel=\"noopener\">https:\/\/ec.europa.eu\/consumers\/odr\/<\/a>.<br \/>\nWir sind bereit, an einem au\u00dfergerichtlichen Schlichtungsverfahren vor einer Verbraucherschlichtungsstelle teilzunehmen. Zust\u00e4ndig ist die Allgemeine Verbraucherschlichtungsstelle des Zentrums f\u00fcr Schlichtung e.V., Stra\u00dfburger Stra\u00dfe 8, 77694 Kehl am Rhein, <a href=\"http:\/\/www.verbraucher-schlichter.de\" target=\"_blank\" rel=\"noopener\">www.verbraucher-schlichter.de<\/a>.<\/p>\n","protected":false},"excerpt":{"rendered":"<p>Impressum Rechtsanwaltskanzlei Sen (Inhaber) Jur. Dozent Oberm\u00fcnsterstra\u00dfe 11 93047 Regensburg &hellip;<\/p>\n","protected":false},"author":1,"featured_media":0,"parent":0,"menu_order":0,"comment_status":"closed","ping_status":"closed","template":"","meta":{"footnotes":""},"class_list":["post-143","page","type-page","status-publish","hentry"],"_links":{"self":[{"href":"https:\/\/rechtsanwalt-sen.de\/tr\/wp-json\/wp\/v2\/pages\/143","targetHints":{"allow":["GET"]}}],"collection":[{"href":"https:\/\/rechtsanwalt-sen.de\/tr\/wp-json\/wp\/v2\/pages"}],"about":[{"href":"https:\/\/rechtsanwalt-sen.de\/tr\/wp-json\/wp\/v2\/types\/page"}],"author":[{"embeddable":true,"href":"https:\/\/rechtsanwalt-sen.de\/tr\/wp-json\/wp\/v2\/users\/1"}],"replies":[{"embeddable":true,"href":"https:\/\/rechtsanwalt-sen.de\/tr\/wp-json\/wp\/v2\/comments?post=143"}],"version-history":[{"count":145,"href":"https:\/\/rechtsanwalt-sen.de\/tr\/wp-json\/wp\/v2\/pages\/143\/revisions"}],"predecessor-version":[{"id":2300,"href":"https:\/\/rechtsanwalt-sen.de\/tr\/wp-json\/wp\/v2\/pages\/143\/revisions\/2300"}],"wp:attachment":[{"href":"https:\/\/rechtsanwalt-sen.de\/tr\/wp-json\/wp\/v2\/media?parent=143"}],"curies":[{"name":"wp","href":"https:\/\/api.w.org\/{rel}","templated":true}]}}