{"id":220,"date":"2021-05-04T14:46:13","date_gmt":"2021-05-04T14:46:13","guid":{"rendered":"http:\/\/rechtsanwalt-sen.de\/tr\/?page_id=220"},"modified":"2021-08-19T14:41:17","modified_gmt":"2021-08-19T14:41:17","slug":"arbeitsrecht","status":"publish","type":"page","link":"https:\/\/rechtsanwalt-sen.de\/tr\/arbeitsrecht\/","title":{"rendered":"Arbeitsrecht"},"content":{"rendered":"<h2>\u0130\u015f Hukuku<\/h2>\n<h4>Wir bieten eine exzellente und exklusive Betreuung unserer Mandanten an<\/h4>\n<p>Wir bieten eine umfassende und exzellente Betreuung im Arbeitsrecht an. Darunter fallen u.a. K\u00fcndigungschutzverfahren vor dem Arbeitsgericht, beim Aushandeln von Abfindungen, Aufhebungs- und Abwicklungsvertr\u00e4gen, bei Streitigkeiten um arbeitsrechtliche Abmahnungen sowie bei allen anderen arbeitsrechtlichen Angelegenheiten, die sich zwischen Arbeitnehmer und Arbeitgeber ergeben k\u00f6nnen. Wir f\u00fchren Verfahren vor dem h\u00f6chsten deutschen Bundesarbeitsgericht (BAG).<\/p>\n<p><a href=\"http:\/\/rechtsanwalt-sen.de\/kontakt\/\">Gerne k\u00f6nnen Sie uns Ihr arbeitsrechtliches Anliegen schildern &#8230;<\/a><\/p>\n","protected":false},"excerpt":{"rendered":"<p>\u0130\u015f Hukuku Wir bieten eine exzellente und exklusive Betreuung unserer &hellip;<\/p>\n","protected":false},"author":1,"featured_media":0,"parent":0,"menu_order":0,"comment_status":"closed","ping_status":"closed","template":"","meta":{"footnotes":""},"class_list":["post-220","page","type-page","status-publish","hentry"],"_links":{"self":[{"href":"https:\/\/rechtsanwalt-sen.de\/tr\/wp-json\/wp\/v2\/pages\/220","targetHints":{"allow":["GET"]}}],"collection":[{"href":"https:\/\/rechtsanwalt-sen.de\/tr\/wp-json\/wp\/v2\/pages"}],"about":[{"href":"https:\/\/rechtsanwalt-sen.de\/tr\/wp-json\/wp\/v2\/types\/page"}],"author":[{"embeddable":true,"href":"https:\/\/rechtsanwalt-sen.de\/tr\/wp-json\/wp\/v2\/users\/1"}],"replies":[{"embeddable":true,"href":"https:\/\/rechtsanwalt-sen.de\/tr\/wp-json\/wp\/v2\/comments?post=220"}],"version-history":[{"count":86,"href":"https:\/\/rechtsanwalt-sen.de\/tr\/wp-json\/wp\/v2\/pages\/220\/revisions"}],"predecessor-version":[{"id":3308,"href":"https:\/\/rechtsanwalt-sen.de\/tr\/wp-json\/wp\/v2\/pages\/220\/revisions\/3308"}],"wp:attachment":[{"href":"https:\/\/rechtsanwalt-sen.de\/tr\/wp-json\/wp\/v2\/media?parent=220"}],"curies":[{"name":"wp","href":"https:\/\/api.w.org\/{rel}","templated":true}]}}