{"id":2333,"date":"2021-05-16T11:50:16","date_gmt":"2021-05-16T11:50:16","guid":{"rendered":"http:\/\/rechtsanwalt-sen.de\/tr\/?page_id=2333"},"modified":"2021-05-21T13:47:11","modified_gmt":"2021-05-21T13:47:11","slug":"inhaber","status":"publish","type":"page","link":"https:\/\/rechtsanwalt-sen.de\/tr\/inhaber\/","title":{"rendered":"Inhaber"},"content":{"rendered":"<h2>Inhaber<\/h2>\n<h4>Inhaber der Kanzlei<\/h4>\n<p>Herr Rechtsanwalt Samet Sen hat 2 Juristische Staatsexamina in Bayern sehr erfolgreich abgelegt und ist zugleich Rechtsassessor mit der Bef\u00e4higung zum Richteramt<\/p>\n<p>\u00a0<\/p>\n<p>Herr Rechtsanwalt Sen ist zugleich Jur. Dozent<\/p>\n<p>\u00a0<\/p>\n<p>Wir f\u00fchren gro\u00dfe federf\u00fchrende Verfahren unter anderem vor dem h\u00f6chsten Bundesgericht (u.a. BAG, LAG u.a.)<\/p>\n<p>Wir sind eine sehr moderne und kompetente Kanzlei mit zukunftsorientiertem Legal-Tech<\/p>\n<p>\u00a0<\/p>\n<p><em>Unsere Korrespondenzsprachen sind grunds\u00e4tzlich deutsch und t\u00fcrkisch<\/em><\/p>\n<p>\u00a0<\/p>\n<p><a href=\"https:\/\/www.juraforum.de\/rechtsanwalt\/samet-sen-regensburg\" target=\"_blank\" rel=\"noopener\">Wir garantieren eine jederzeit hervorragende Betreuung unserer Mandanten &#8230;<\/a><\/p>\n","protected":false},"excerpt":{"rendered":"<p>Inhaber Inhaber der Kanzlei Herr Rechtsanwalt Samet Sen hat 2 &hellip;<\/p>\n","protected":false},"author":1,"featured_media":0,"parent":0,"menu_order":0,"comment_status":"closed","ping_status":"closed","template":"","meta":{"footnotes":""},"class_list":["post-2333","page","type-page","status-publish","hentry"],"_links":{"self":[{"href":"https:\/\/rechtsanwalt-sen.de\/tr\/wp-json\/wp\/v2\/pages\/2333","targetHints":{"allow":["GET"]}}],"collection":[{"href":"https:\/\/rechtsanwalt-sen.de\/tr\/wp-json\/wp\/v2\/pages"}],"about":[{"href":"https:\/\/rechtsanwalt-sen.de\/tr\/wp-json\/wp\/v2\/types\/page"}],"author":[{"embeddable":true,"href":"https:\/\/rechtsanwalt-sen.de\/tr\/wp-json\/wp\/v2\/users\/1"}],"replies":[{"embeddable":true,"href":"https:\/\/rechtsanwalt-sen.de\/tr\/wp-json\/wp\/v2\/comments?post=2333"}],"version-history":[{"count":62,"href":"https:\/\/rechtsanwalt-sen.de\/tr\/wp-json\/wp\/v2\/pages\/2333\/revisions"}],"predecessor-version":[{"id":3256,"href":"https:\/\/rechtsanwalt-sen.de\/tr\/wp-json\/wp\/v2\/pages\/2333\/revisions\/3256"}],"wp:attachment":[{"href":"https:\/\/rechtsanwalt-sen.de\/tr\/wp-json\/wp\/v2\/media?parent=2333"}],"curies":[{"name":"wp","href":"https:\/\/api.w.org\/{rel}","templated":true}]}}