{"id":371,"date":"2021-05-05T08:14:17","date_gmt":"2021-05-05T08:14:17","guid":{"rendered":"http:\/\/rechtsanwalt-sen.de\/tr\/?page_id=371"},"modified":"2021-08-19T14:42:05","modified_gmt":"2021-08-19T14:42:05","slug":"mietrecht","status":"publish","type":"page","link":"https:\/\/rechtsanwalt-sen.de\/tr\/mietrecht\/","title":{"rendered":"Mietrecht"},"content":{"rendered":"<h2>Kira Hukuku<\/h2>\n<h4>Wir bieten eine exzellente und exklusive Betreuung unserer Mandanten an<\/h4>\n<p>Im Mietrecht bieten wir Ihnen eine Vertretung zu den mietrechtlichen K\u00fcndigungsfristen, die \u00dcberpr\u00fcfung der Rechtm\u00e4\u00dfigkeit einer K\u00fcndigung z.B. wegen Eigenbedarf, Sch\u00f6nheitsreparaturklauseln, der Mietkaution, Mieterh\u00f6hungen sowie Probleme mit den Nachbarn an. Gerade im Mietrecht \u00e4ndert sich die Rechtsprechung fortlaufend, sodass unsere exzellente Expertise und unser Fachwissen st\u00e4ndig erweitert werden.<\/p>\n<p>\u00a0<\/p>\n<p><a href=\"http:\/\/rechtsanwalt-sen.de\/kontakt\/\">Gerne k\u00f6nnen Sie uns Ihr mietrechtliches Anliegen schildern &#8230;<\/a><\/p>\n","protected":false},"excerpt":{"rendered":"<p>Kira Hukuku Wir bieten eine exzellente und exklusive Betreuung unserer &hellip;<\/p>\n","protected":false},"author":1,"featured_media":0,"parent":0,"menu_order":0,"comment_status":"closed","ping_status":"closed","template":"","meta":{"footnotes":""},"class_list":["post-371","page","type-page","status-publish","hentry"],"_links":{"self":[{"href":"https:\/\/rechtsanwalt-sen.de\/tr\/wp-json\/wp\/v2\/pages\/371","targetHints":{"allow":["GET"]}}],"collection":[{"href":"https:\/\/rechtsanwalt-sen.de\/tr\/wp-json\/wp\/v2\/pages"}],"about":[{"href":"https:\/\/rechtsanwalt-sen.de\/tr\/wp-json\/wp\/v2\/types\/page"}],"author":[{"embeddable":true,"href":"https:\/\/rechtsanwalt-sen.de\/tr\/wp-json\/wp\/v2\/users\/1"}],"replies":[{"embeddable":true,"href":"https:\/\/rechtsanwalt-sen.de\/tr\/wp-json\/wp\/v2\/comments?post=371"}],"version-history":[{"count":97,"href":"https:\/\/rechtsanwalt-sen.de\/tr\/wp-json\/wp\/v2\/pages\/371\/revisions"}],"predecessor-version":[{"id":3311,"href":"https:\/\/rechtsanwalt-sen.de\/tr\/wp-json\/wp\/v2\/pages\/371\/revisions\/3311"}],"wp:attachment":[{"href":"https:\/\/rechtsanwalt-sen.de\/tr\/wp-json\/wp\/v2\/media?parent=371"}],"curies":[{"name":"wp","href":"https:\/\/api.w.org\/{rel}","templated":true}]}}