{"id":391,"date":"2021-05-05T08:40:31","date_gmt":"2021-05-05T08:40:31","guid":{"rendered":"http:\/\/rechtsanwalt-sen.de\/tr\/?page_id=391"},"modified":"2021-08-19T14:31:51","modified_gmt":"2021-08-19T14:31:51","slug":"strafrecht","status":"publish","type":"page","link":"https:\/\/rechtsanwalt-sen.de\/tr\/strafrecht\/","title":{"rendered":"Strafrecht"},"content":{"rendered":"<h2>Ceza Hukuku<\/h2>\n<h4>Wir bieten eine exzellente und exklusive Betreuung unserer Mandanten an<\/h4>\n<p>Im strafrechtlichen Bereich unterst\u00fctzen wir Sie gerne jederzeit bei einem Strafbefehl, Einspruch, Gerichtsverhandlung vor dem Strafgericht und der Strafvollstreckung. Hier geht es um einen sehr sensiblen Bereich, sodass wir Sie gerne auf diesem Rechtsgebiet zeitnah hervorragend unterst\u00fctzen k\u00f6nnen, damit Ihre Rechte als Beschuldigte und Angeklagte vollumfassend durchgesetzt werden k\u00f6nnen.<\/p>\n<p>\u00a0<\/p>\n<p><a href=\"http:\/\/rechtsanwalt-sen.de\/kontakt\/\">Gerne k\u00f6nnen Sie uns Ihr strafrechtliches Anliegen schildern &#8230;<\/a><\/p>\n","protected":false},"excerpt":{"rendered":"<p>Ceza Hukuku Wir bieten eine exzellente und exklusive Betreuung unserer &hellip;<\/p>\n","protected":false},"author":1,"featured_media":0,"parent":0,"menu_order":0,"comment_status":"closed","ping_status":"closed","template":"","meta":{"footnotes":""},"class_list":["post-391","page","type-page","status-publish","hentry"],"_links":{"self":[{"href":"https:\/\/rechtsanwalt-sen.de\/tr\/wp-json\/wp\/v2\/pages\/391","targetHints":{"allow":["GET"]}}],"collection":[{"href":"https:\/\/rechtsanwalt-sen.de\/tr\/wp-json\/wp\/v2\/pages"}],"about":[{"href":"https:\/\/rechtsanwalt-sen.de\/tr\/wp-json\/wp\/v2\/types\/page"}],"author":[{"embeddable":true,"href":"https:\/\/rechtsanwalt-sen.de\/tr\/wp-json\/wp\/v2\/users\/1"}],"replies":[{"embeddable":true,"href":"https:\/\/rechtsanwalt-sen.de\/tr\/wp-json\/wp\/v2\/comments?post=391"}],"version-history":[{"count":77,"href":"https:\/\/rechtsanwalt-sen.de\/tr\/wp-json\/wp\/v2\/pages\/391\/revisions"}],"predecessor-version":[{"id":3305,"href":"https:\/\/rechtsanwalt-sen.de\/tr\/wp-json\/wp\/v2\/pages\/391\/revisions\/3305"}],"wp:attachment":[{"href":"https:\/\/rechtsanwalt-sen.de\/tr\/wp-json\/wp\/v2\/media?parent=391"}],"curies":[{"name":"wp","href":"https:\/\/api.w.org\/{rel}","templated":true}]}}